{"id":2940,"date":"2025-11-01T09:23:29","date_gmt":"2025-11-01T09:23:29","guid":{"rendered":"https:\/\/iptvsmarter-pro.com\/?page_id=2940"},"modified":"2026-03-04T23:05:05","modified_gmt":"2026-03-04T23:05:05","slug":"kostenlose-testversion","status":"publish","type":"page","link":"https:\/\/iptvsmarter-pro.com\/de\/kostenlose-testversion\/","title":{"rendered":"Kostenlose Testversion"},"content":{"rendered":"<hr class=\"wp-block-separator has-alpha-channel-opacity\" \/>\r\n\r\n\r\n<h1 class=\"wp-block-heading\">\ud83c\udf81 <strong>Entdecken Sie IPTV Smarters Pro mit unserer kostenlosen Testversion!<\/strong><\/h1>\r\n\r\n\r\n\r\n<h3 class=\"wp-block-heading\">Testen Sie alle Premium-Funktionen ohne jegliche Verpflichtung.<\/h3>\r\n\r\n\r\n\r\n<p>Genie\u00dfen Sie einen <strong>24 Stunden kostenloser Zugang<\/strong> um die Welt zu entdecken <strong>IPTV Smarters Pro<\/strong> und verstehen Sie, warum Tausende von Nutzern weltweit uns vertrauen.<\/p>\r\n\r\n\r\n<hr class=\"wp-block-separator has-alpha-channel-opacity\" \/>\r\n\r\n\r\n<h2 class=\"wp-block-heading\">\ud83c\udf1f <strong>Was Sie mit Ihrer kostenlosen Testversion erhalten<\/strong><\/h2>\r\n\r\n\r\n\r\n<p>\u2705 <strong>Vollst\u00e4ndiger Zugriff<\/strong> auf alle unsere TV-Kan\u00e4le, Filme und Serien.<br \/>\u2705 <strong>HD-, Full HD- und 4K-Qualit\u00e4t<\/strong> f\u00fcr ein au\u00dfergew\u00f6hnliches Seherlebnis.<br \/>\u2705 <strong>Fl\u00fcssige und intuitive Benutzeroberfl\u00e4che<\/strong>, einfach auf allen Ihren Ger\u00e4ten zu verwenden.<br \/>\u2705 <strong>Universelle Kompatibilit\u00e4t<\/strong> : Smart TV, Android, iOS, Tablet, PC, IPTV-Box und mehr.<br \/>\u2705 <strong>Technischer Support rund um die Uhr verf\u00fcgbar<\/strong>, der Sie bei jedem Schritt begleitet.<\/p>\r\n\r\n\r\n<hr class=\"wp-block-separator has-alpha-channel-opacity\" \/>\r\n\r\n\r\n<h2 class=\"wp-block-heading\">\u2699\ufe0f <strong>Wie aktivieren Sie Ihren kostenlosen Test?<\/strong><\/h2>\r\n\r\n\r\n\r\n<ol class=\"wp-block-list\">\r\n<li><strong>Kontaktieren Sie uns \u00fcber WhatsApp:<\/strong><br \/>\ud83d\udcf1 <strong>+44 7365 654322<\/strong><\/li>\r\n\r\n\r\n\r\n<li><strong>Erhalten Sie Ihre IPTV-Zugangsdaten<\/strong> in wenigen Minuten.<\/li>\r\n\r\n\r\n\r\n<li><strong>Genie\u00dfen Sie 24 Stunden unbegrenzten Zugang<\/strong> auf alle unsere Premium-Inhalte.<\/li>\r\n\r\n\r\n\r\n<li><strong>Entscheiden Sie dann frei<\/strong> wenn Sie ein Abonnement abschlie\u00dfen m\u00f6chten.<\/li>\r\n<\/ol>\r\n\r\n\r\n<hr class=\"wp-block-separator has-alpha-channel-opacity\" \/>\r\n\r\n\r\n<h2 class=\"wp-block-heading\">\ud83d\udca1 <strong>Warum sollten Sie IPTV Smarters Pro ausprobieren?<\/strong><\/h2>\r\n\r\n\r\n\r\n<ul class=\"wp-block-list\">\r\n<li>Stabiler, schneller und hochwertiger Service.<\/li>\r\n\r\n\r\n\r\n<li>Gro\u00dfe Auswahl an internationalen Kan\u00e4len und VOD.<\/li>\r\n\r\n\r\n\r\n<li>Benutzerfreundliche Oberfl\u00e4che, die f\u00fcr alle Benutzerprofile geeignet ist.<\/li>\r\n\r\n\r\n\r\n<li>Reaktionsschneller und pers\u00f6nlicher Support.<\/li>\r\n<\/ul>\r\n\r\n\r\n<hr class=\"wp-block-separator has-alpha-channel-opacity\" \/>\r\n\r\n\r\n<h3 class=\"wp-block-heading\">\ud83d\udd13 <strong>Probieren Sie es jetzt aus, ohne Kreditkarte und ohne Verpflichtung.<\/strong><\/h3>\r\n\r\n\r\n\r\n<p>\u27a1\ufe0f <strong>Kontaktieren Sie uns noch heute \u00fcber WhatsApp unter +44 7478081301<\/strong><br \/>und tauchen Sie ein in das derzeit beste IPTV-Erlebnis mit <strong>IPTV Smarters Pro<\/strong>.<\/p>","protected":false},"excerpt":{"rendered":"<p>\ud83c\udf81 D\u00e9couvrez IPTV Smarters Pro avec notre Essai Gratuit ! Testez toutes les fonctionnalit\u00e9s premium sans aucun engagement. Profitez d\u2019un acc\u00e8s gratuit de 24 heures pour d\u00e9couvrir l\u2019univers IPTV Smarters Pro et comprendre pourquoi des milliers d\u2019utilisateurs dans le monde nous font confiance. \ud83c\udf1f Ce que vous obtenez avec votre essai gratuit \u2705 Acc\u00e8s complet [&hellip;]<\/p>\n","protected":false},"author":1,"featured_media":0,"parent":0,"menu_order":0,"comment_status":"closed","ping_status":"closed","template":"","meta":{"_uag_custom_page_level_css":"","site-sidebar-layout":"default","site-content-layout":"","ast-site-content-layout":"default","site-content-style":"default","site-sidebar-style":"default","ast-global-header-display":"","ast-banner-title-visibility":"","ast-main-header-display":"","ast-hfb-above-header-display":"","ast-hfb-below-header-display":"","ast-hfb-mobile-header-display":"","site-post-title":"","ast-breadcrumbs-content":"","ast-featured-img":"","footer-sml-layout":"","ast-disable-related-posts":"","theme-transparent-header-meta":"default","adv-header-id-meta":"","stick-header-meta":"","header-above-stick-meta":"","header-main-stick-meta":"","header-below-stick-meta":"","astra-migrate-meta-layouts":"set","ast-page-background-enabled":"default","ast-page-background-meta":{"desktop":{"background-color":"var(--ast-global-color-4)","background-image":"","background-repeat":"repeat","background-position":"center center","background-size":"auto","background-attachment":"scroll","background-type":"","background-media":"","overlay-type":"","overlay-color":"","overlay-opacity":"","overlay-gradient":""},"tablet":{"background-color":"","background-image":"","background-repeat":"repeat","background-position":"center center","background-size":"auto","background-attachment":"scroll","background-type":"","background-media":"","overlay-type":"","overlay-color":"","overlay-opacity":"","overlay-gradient":""},"mobile":{"background-color":"","background-image":"","background-repeat":"repeat","background-position":"center center","background-size":"auto","background-attachment":"scroll","background-type":"","background-media":"","overlay-type":"","overlay-color":"","overlay-opacity":"","overlay-gradient":""}},"ast-content-background-meta":{"desktop":{"background-color":"var(--ast-global-color-5)","background-image":"","background-repeat":"repeat","background-position":"center center","background-size":"auto","background-attachment":"scroll","background-type":"","background-media":"","overlay-type":"","overlay-color":"","overlay-opacity":"","overlay-gradient":""},"tablet":{"background-color":"var(--ast-global-color-5)","background-image":"","background-repeat":"repeat","background-position":"center center","background-size":"auto","background-attachment":"scroll","background-type":"","background-media":"","overlay-type":"","overlay-color":"","overlay-opacity":"","overlay-gradient":""},"mobile":{"background-color":"var(--ast-global-color-5)","background-image":"","background-repeat":"repeat","background-position":"center center","background-size":"auto","background-attachment":"scroll","background-type":"","background-media":"","overlay-type":"","overlay-color":"","overlay-opacity":"","overlay-gradient":""}},"footnotes":""},"class_list":["post-2940","page","type-page","status-publish","hentry"],"_hostinger_reach_plugin_has_subscription_block":false,"_hostinger_reach_plugin_is_elementor":false,"uagb_featured_image_src":{"full":false,"thumbnail":false,"medium":false,"medium_large":false,"large":false,"1536x1536":false,"2048x2048":false,"trp-custom-language-flag":false},"uagb_author_info":{"display_name":"anaskroos1@gmail.com","author_link":"https:\/\/iptvsmarter-pro.com\/de\/author\/anaskroos1gmail-com\/"},"uagb_comment_info":0,"uagb_excerpt":"\ud83c\udf81 D\u00e9couvrez IPTV Smarters Pro avec notre Essai Gratuit ! Testez toutes les fonctionnalit\u00e9s premium sans aucun engagement. Profitez d\u2019un acc\u00e8s gratuit de 24 heures pour d\u00e9couvrir l\u2019univers IPTV Smarters Pro et comprendre pourquoi des milliers d\u2019utilisateurs dans le monde nous font confiance. \ud83c\udf1f Ce que vous obtenez avec votre essai gratuit \u2705 Acc\u00e8s complet&hellip;","_links":{"self":[{"href":"https:\/\/iptvsmarter-pro.com\/de\/wp-json\/wp\/v2\/pages\/2940","targetHints":{"allow":["GET"]}}],"collection":[{"href":"https:\/\/iptvsmarter-pro.com\/de\/wp-json\/wp\/v2\/pages"}],"about":[{"href":"https:\/\/iptvsmarter-pro.com\/de\/wp-json\/wp\/v2\/types\/page"}],"author":[{"embeddable":true,"href":"https:\/\/iptvsmarter-pro.com\/de\/wp-json\/wp\/v2\/users\/1"}],"replies":[{"embeddable":true,"href":"https:\/\/iptvsmarter-pro.com\/de\/wp-json\/wp\/v2\/comments?post=2940"}],"version-history":[{"count":3,"href":"https:\/\/iptvsmarter-pro.com\/de\/wp-json\/wp\/v2\/pages\/2940\/revisions"}],"predecessor-version":[{"id":3055,"href":"https:\/\/iptvsmarter-pro.com\/de\/wp-json\/wp\/v2\/pages\/2940\/revisions\/3055"}],"wp:attachment":[{"href":"https:\/\/iptvsmarter-pro.com\/de\/wp-json\/wp\/v2\/media?parent=2940"}],"curies":[{"name":"wp","href":"https:\/\/api.w.org\/{rel}","templated":true}]}}