{"id":2940,"date":"2025-11-01T09:23:29","date_gmt":"2025-11-01T09:23:29","guid":{"rendered":"https:\/\/iptvsmarter-pro.com\/?page_id=2940"},"modified":"2026-03-04T23:05:05","modified_gmt":"2026-03-04T23:05:05","slug":"prueba-gratuita","status":"publish","type":"page","link":"https:\/\/iptvsmarter-pro.com\/es\/prueba-gratuita\/","title":{"rendered":"Prueba gratuita"},"content":{"rendered":"<hr class=\"wp-block-separator has-alpha-channel-opacity\" \/>\r\n\r\n\r\n<h1 class=\"wp-block-heading\">\ud83c\udf81 <strong>\u00a1Descubra IPTV Smarters Pro con nuestra prueba gratuita!<\/strong><\/h1>\r\n\r\n\r\n\r\n<h3 class=\"wp-block-heading\">Pruebe todas las funciones premium sin compromiso.<\/h3>\r\n\r\n\r\n\r\n<p>Disfrute de un <strong>Acceso gratuito las 24 horas<\/strong> descubrir el mundo <strong>IPTV Smarters Pro<\/strong> y comprenda por qu\u00e9 miles de usuarios de todo el mundo conf\u00edan en nosotros.<\/p>\r\n\r\n\r\n<hr class=\"wp-block-separator has-alpha-channel-opacity\" \/>\r\n\r\n\r\n<h2 class=\"wp-block-heading\">\ud83c\udf1f <strong>Qu\u00e9 obtiene con la prueba gratuita<\/strong><\/h2>\r\n\r\n\r\n\r\n<p>\u2705 <strong>Acceso total<\/strong> a todos nuestros canales de televisi\u00f3n, pel\u00edculas y series.<br \/>\u2705 <strong>Calidad HD, Full HD y 4K<\/strong> para una experiencia visual excepcional.<br \/>\u2705 <strong>Interfaz fluida e intuitiva<\/strong>, f\u00e1cil de usar en todos tus dispositivos.<br \/>\u2705 <strong>Compatibilidad universal<\/strong> Smart TV, Android, iOS, tableta, PC, caja IPTV y m\u00e1s.<br \/>\u2705 <strong>Asistencia t\u00e9cnica disponible 24 horas al d\u00eda, 7 d\u00edas a la semana<\/strong>, dispuestos a apoyarle en todo momento.<\/p>\r\n\r\n\r\n<hr class=\"wp-block-separator has-alpha-channel-opacity\" \/>\r\n\r\n\r\n<h2 class=\"wp-block-heading\">\u2699\ufe0f <strong>\u00bfC\u00f3mo se activa la prueba gratuita?<\/strong><\/h2>\r\n\r\n\r\n\r\n<ol class=\"wp-block-list\">\r\n<li><strong>P\u00f3ngase en contacto con nosotros en WhatsApp :<\/strong><br \/>\ud83d\udcf1 <strong>+44 7365 654322<\/strong><\/li>\r\n\r\n\r\n\r\n<li><strong>Reciba sus datos de acceso a IPTV<\/strong> en s\u00f3lo unos minutos.<\/li>\r\n\r\n\r\n\r\n<li><strong>Disfrute de 24 horas de acceso ilimitado<\/strong> a todos nuestros contenidos premium.<\/li>\r\n\r\n\r\n\r\n<li><strong>Entonces decide por ti mismo<\/strong> si desea continuar con la suscripci\u00f3n.<\/li>\r\n<\/ol>\r\n\r\n\r\n<hr class=\"wp-block-separator has-alpha-channel-opacity\" \/>\r\n\r\n\r\n<h2 class=\"wp-block-heading\">\ud83d\udca1 <strong>\u00bfPor qu\u00e9 probar IPTV Smarters Pro?<\/strong><\/h2>\r\n\r\n\r\n\r\n<ul class=\"wp-block-list\">\r\n<li>Servicio estable, r\u00e1pido y de alta calidad.<\/li>\r\n\r\n\r\n\r\n<li>Amplia selecci\u00f3n de canales internacionales y VOD.<\/li>\r\n\r\n\r\n\r\n<li>Interfaz f\u00e1cil de usar que se adapta a todos los perfiles de usuario.<\/li>\r\n\r\n\r\n\r\n<li>Asistencia reactiva y personalizada.<\/li>\r\n<\/ul>\r\n\r\n\r\n<hr class=\"wp-block-separator has-alpha-channel-opacity\" \/>\r\n\r\n\r\n<h3 class=\"wp-block-heading\">\ud83d\udd13 <strong>Pru\u00e9belo ahora, sin tarjeta de cr\u00e9dito ni compromiso.<\/strong><\/h3>\r\n\r\n\r\n\r\n<p>\u27a1\ufe0f <strong>P\u00f3ngase en contacto con nosotros hoy mismo en WhatsApp +44 7478081301<\/strong><br \/>y sum\u00e9rjase en la mejor experiencia IPTV actual con <strong>IPTV Smarters Pro<\/strong>.<\/p>","protected":false},"excerpt":{"rendered":"<p>\ud83c\udf81 D\u00e9couvrez IPTV Smarters Pro avec notre Essai Gratuit ! Testez toutes les fonctionnalit\u00e9s premium sans aucun engagement. Profitez d\u2019un acc\u00e8s gratuit de 24 heures pour d\u00e9couvrir l\u2019univers IPTV Smarters Pro et comprendre pourquoi des milliers d\u2019utilisateurs dans le monde nous font confiance. \ud83c\udf1f Ce que vous obtenez avec votre essai gratuit \u2705 Acc\u00e8s complet [&hellip;]<\/p>\n","protected":false},"author":1,"featured_media":0,"parent":0,"menu_order":0,"comment_status":"closed","ping_status":"closed","template":"","meta":{"_uag_custom_page_level_css":"","site-sidebar-layout":"default","site-content-layout":"","ast-site-content-layout":"default","site-content-style":"default","site-sidebar-style":"default","ast-global-header-display":"","ast-banner-title-visibility":"","ast-main-header-display":"","ast-hfb-above-header-display":"","ast-hfb-below-header-display":"","ast-hfb-mobile-header-display":"","site-post-title":"","ast-breadcrumbs-content":"","ast-featured-img":"","footer-sml-layout":"","ast-disable-related-posts":"","theme-transparent-header-meta":"default","adv-header-id-meta":"","stick-header-meta":"","header-above-stick-meta":"","header-main-stick-meta":"","header-below-stick-meta":"","astra-migrate-meta-layouts":"set","ast-page-background-enabled":"default","ast-page-background-meta":{"desktop":{"background-color":"var(--ast-global-color-4)","background-image":"","background-repeat":"repeat","background-position":"center center","background-size":"auto","background-attachment":"scroll","background-type":"","background-media":"","overlay-type":"","overlay-color":"","overlay-opacity":"","overlay-gradient":""},"tablet":{"background-color":"","background-image":"","background-repeat":"repeat","background-position":"center center","background-size":"auto","background-attachment":"scroll","background-type":"","background-media":"","overlay-type":"","overlay-color":"","overlay-opacity":"","overlay-gradient":""},"mobile":{"background-color":"","background-image":"","background-repeat":"repeat","background-position":"center center","background-size":"auto","background-attachment":"scroll","background-type":"","background-media":"","overlay-type":"","overlay-color":"","overlay-opacity":"","overlay-gradient":""}},"ast-content-background-meta":{"desktop":{"background-color":"var(--ast-global-color-5)","background-image":"","background-repeat":"repeat","background-position":"center center","background-size":"auto","background-attachment":"scroll","background-type":"","background-media":"","overlay-type":"","overlay-color":"","overlay-opacity":"","overlay-gradient":""},"tablet":{"background-color":"var(--ast-global-color-5)","background-image":"","background-repeat":"repeat","background-position":"center center","background-size":"auto","background-attachment":"scroll","background-type":"","background-media":"","overlay-type":"","overlay-color":"","overlay-opacity":"","overlay-gradient":""},"mobile":{"background-color":"var(--ast-global-color-5)","background-image":"","background-repeat":"repeat","background-position":"center center","background-size":"auto","background-attachment":"scroll","background-type":"","background-media":"","overlay-type":"","overlay-color":"","overlay-opacity":"","overlay-gradient":""}},"footnotes":""},"class_list":["post-2940","page","type-page","status-publish","hentry"],"_hostinger_reach_plugin_has_subscription_block":false,"_hostinger_reach_plugin_is_elementor":false,"uagb_featured_image_src":{"full":false,"thumbnail":false,"medium":false,"medium_large":false,"large":false,"1536x1536":false,"2048x2048":false,"trp-custom-language-flag":false},"uagb_author_info":{"display_name":"anaskroos1@gmail.com","author_link":"https:\/\/iptvsmarter-pro.com\/es\/author\/anaskroos1gmail-com\/"},"uagb_comment_info":0,"uagb_excerpt":"\ud83c\udf81 D\u00e9couvrez IPTV Smarters Pro avec notre Essai Gratuit ! Testez toutes les fonctionnalit\u00e9s premium sans aucun engagement. Profitez d\u2019un acc\u00e8s gratuit de 24 heures pour d\u00e9couvrir l\u2019univers IPTV Smarters Pro et comprendre pourquoi des milliers d\u2019utilisateurs dans le monde nous font confiance. \ud83c\udf1f Ce que vous obtenez avec votre essai gratuit \u2705 Acc\u00e8s complet&hellip;","_links":{"self":[{"href":"https:\/\/iptvsmarter-pro.com\/es\/wp-json\/wp\/v2\/pages\/2940","targetHints":{"allow":["GET"]}}],"collection":[{"href":"https:\/\/iptvsmarter-pro.com\/es\/wp-json\/wp\/v2\/pages"}],"about":[{"href":"https:\/\/iptvsmarter-pro.com\/es\/wp-json\/wp\/v2\/types\/page"}],"author":[{"embeddable":true,"href":"https:\/\/iptvsmarter-pro.com\/es\/wp-json\/wp\/v2\/users\/1"}],"replies":[{"embeddable":true,"href":"https:\/\/iptvsmarter-pro.com\/es\/wp-json\/wp\/v2\/comments?post=2940"}],"version-history":[{"count":3,"href":"https:\/\/iptvsmarter-pro.com\/es\/wp-json\/wp\/v2\/pages\/2940\/revisions"}],"predecessor-version":[{"id":3055,"href":"https:\/\/iptvsmarter-pro.com\/es\/wp-json\/wp\/v2\/pages\/2940\/revisions\/3055"}],"wp:attachment":[{"href":"https:\/\/iptvsmarter-pro.com\/es\/wp-json\/wp\/v2\/media?parent=2940"}],"curies":[{"name":"wp","href":"https:\/\/api.w.org\/{rel}","templated":true}]}}