{"id":2940,"date":"2025-11-01T09:23:29","date_gmt":"2025-11-01T09:23:29","guid":{"rendered":"https:\/\/iptvsmarter-pro.com\/?page_id=2940"},"modified":"2026-03-04T23:05:05","modified_gmt":"2026-03-04T23:05:05","slug":"teste-gratuito","status":"publish","type":"page","link":"https:\/\/iptvsmarter-pro.com\/pt\/teste-gratuito\/","title":{"rendered":"Teste gratuito"},"content":{"rendered":"<hr class=\"wp-block-separator has-alpha-channel-opacity\" \/>\r\n\r\n\r\n<h1 class=\"wp-block-heading\">\ud83c\udf81 <strong>Descubra o IPTV Smarters Pro com o nosso teste gratuito!<\/strong><\/h1>\r\n\r\n\r\n\r\n<h3 class=\"wp-block-heading\">Experimente todas as funcionalidades premium sem qualquer compromisso.<\/h3>\r\n\r\n\r\n\r\n<p>Tirar partido de <strong>Acesso gratuito 24 horas por dia<\/strong> para descobrir o mundo <strong>IPTV Smarters Pro<\/strong> e compreender por que raz\u00e3o milhares de utilizadores em todo o mundo confiam em n\u00f3s.<\/p>\r\n\r\n\r\n<hr class=\"wp-block-separator has-alpha-channel-opacity\" \/>\r\n\r\n\r\n<h2 class=\"wp-block-heading\">\ud83c\udf1f <strong>O que obt\u00e9m com a avalia\u00e7\u00e3o gratuita<\/strong><\/h2>\r\n\r\n\r\n\r\n<p>\u2705 <strong>Acesso total<\/strong> a todos os nossos canais de televis\u00e3o, filmes e s\u00e9ries.<br \/>\u2705 <strong>Qualidade HD, Full HD e 4K<\/strong> para uma experi\u00eancia visual excecional.<br \/>\u2705 <strong>Interface fluida e intuitiva<\/strong>, f\u00e1cil de utilizar em todos os seus dispositivos.<br \/>\u2705 <strong>Compatibilidade universal<\/strong> Smart TV, Android, iOS, tablet, PC, box IPTV e muito mais.<br \/>\u2705 <strong>Suporte t\u00e9cnico dispon\u00edvel 24 horas por dia, 7 dias por semana<\/strong>, prontos para o apoiar em todas as fases do processo.<\/p>\r\n\r\n\r\n<hr class=\"wp-block-separator has-alpha-channel-opacity\" \/>\r\n\r\n\r\n<h2 class=\"wp-block-heading\">\u2699\ufe0f <strong>Como \u00e9 que se ativa o teste gratuito?<\/strong><\/h2>\r\n\r\n\r\n\r\n<ol class=\"wp-block-list\">\r\n<li><strong>Contactar-nos atrav\u00e9s do WhatsApp :<\/strong><br \/>\ud83d\udcf1 <strong>+44 7365 654322<\/strong><\/li>\r\n\r\n\r\n\r\n<li><strong>Receber os seus dados de in\u00edcio de sess\u00e3o IPTV<\/strong> em apenas alguns minutos.<\/li>\r\n\r\n\r\n\r\n<li><strong>Desfrute de 24 horas de acesso ilimitado<\/strong> a todos os nossos conte\u00fados de qualidade superior.<\/li>\r\n\r\n\r\n\r\n<li><strong>Ent\u00e3o, decida por si pr\u00f3prio<\/strong> se pretender continuar com a subscri\u00e7\u00e3o.<\/li>\r\n<\/ol>\r\n\r\n\r\n<hr class=\"wp-block-separator has-alpha-channel-opacity\" \/>\r\n\r\n\r\n<h2 class=\"wp-block-heading\">\ud83d\udca1 <strong>Porqu\u00ea experimentar o IPTV Smarters Pro?<\/strong><\/h2>\r\n\r\n\r\n\r\n<ul class=\"wp-block-list\">\r\n<li>Servi\u00e7o est\u00e1vel, r\u00e1pido e de qualidade.<\/li>\r\n\r\n\r\n\r\n<li>Vasta sele\u00e7\u00e3o de canais internacionais e VOD.<\/li>\r\n\r\n\r\n\r\n<li>Interface de f\u00e1cil utiliza\u00e7\u00e3o para se adaptar a todos os perfis de utilizadores.<\/li>\r\n\r\n\r\n\r\n<li>Assist\u00eancia reactiva e personalizada.<\/li>\r\n<\/ul>\r\n\r\n\r\n<hr class=\"wp-block-separator has-alpha-channel-opacity\" \/>\r\n\r\n\r\n<h3 class=\"wp-block-heading\">\ud83d\udd13 <strong>Experimente agora, sem cart\u00e3o de cr\u00e9dito, sem compromisso.<\/strong><\/h3>\r\n\r\n\r\n\r\n<p>\u27a1\ufe0f <strong>Contacte-nos hoje atrav\u00e9s do WhatsApp +44 7478081301<\/strong><br \/>e mergulhe na melhor experi\u00eancia de IPTV da atualidade com <strong>IPTV Smarters Pro<\/strong>.<\/p>","protected":false},"excerpt":{"rendered":"<p>\ud83c\udf81 D\u00e9couvrez IPTV Smarters Pro avec notre Essai Gratuit ! Testez toutes les fonctionnalit\u00e9s premium sans aucun engagement. Profitez d\u2019un acc\u00e8s gratuit de 24 heures pour d\u00e9couvrir l\u2019univers IPTV Smarters Pro et comprendre pourquoi des milliers d\u2019utilisateurs dans le monde nous font confiance. \ud83c\udf1f Ce que vous obtenez avec votre essai gratuit \u2705 Acc\u00e8s complet [&hellip;]<\/p>\n","protected":false},"author":1,"featured_media":0,"parent":0,"menu_order":0,"comment_status":"closed","ping_status":"closed","template":"","meta":{"_uag_custom_page_level_css":"","site-sidebar-layout":"default","site-content-layout":"","ast-site-content-layout":"default","site-content-style":"default","site-sidebar-style":"default","ast-global-header-display":"","ast-banner-title-visibility":"","ast-main-header-display":"","ast-hfb-above-header-display":"","ast-hfb-below-header-display":"","ast-hfb-mobile-header-display":"","site-post-title":"","ast-breadcrumbs-content":"","ast-featured-img":"","footer-sml-layout":"","ast-disable-related-posts":"","theme-transparent-header-meta":"default","adv-header-id-meta":"","stick-header-meta":"","header-above-stick-meta":"","header-main-stick-meta":"","header-below-stick-meta":"","astra-migrate-meta-layouts":"set","ast-page-background-enabled":"default","ast-page-background-meta":{"desktop":{"background-color":"var(--ast-global-color-4)","background-image":"","background-repeat":"repeat","background-position":"center center","background-size":"auto","background-attachment":"scroll","background-type":"","background-media":"","overlay-type":"","overlay-color":"","overlay-opacity":"","overlay-gradient":""},"tablet":{"background-color":"","background-image":"","background-repeat":"repeat","background-position":"center center","background-size":"auto","background-attachment":"scroll","background-type":"","background-media":"","overlay-type":"","overlay-color":"","overlay-opacity":"","overlay-gradient":""},"mobile":{"background-color":"","background-image":"","background-repeat":"repeat","background-position":"center center","background-size":"auto","background-attachment":"scroll","background-type":"","background-media":"","overlay-type":"","overlay-color":"","overlay-opacity":"","overlay-gradient":""}},"ast-content-background-meta":{"desktop":{"background-color":"var(--ast-global-color-5)","background-image":"","background-repeat":"repeat","background-position":"center center","background-size":"auto","background-attachment":"scroll","background-type":"","background-media":"","overlay-type":"","overlay-color":"","overlay-opacity":"","overlay-gradient":""},"tablet":{"background-color":"var(--ast-global-color-5)","background-image":"","background-repeat":"repeat","background-position":"center center","background-size":"auto","background-attachment":"scroll","background-type":"","background-media":"","overlay-type":"","overlay-color":"","overlay-opacity":"","overlay-gradient":""},"mobile":{"background-color":"var(--ast-global-color-5)","background-image":"","background-repeat":"repeat","background-position":"center center","background-size":"auto","background-attachment":"scroll","background-type":"","background-media":"","overlay-type":"","overlay-color":"","overlay-opacity":"","overlay-gradient":""}},"footnotes":""},"class_list":["post-2940","page","type-page","status-publish","hentry"],"_hostinger_reach_plugin_has_subscription_block":false,"_hostinger_reach_plugin_is_elementor":false,"uagb_featured_image_src":{"full":false,"thumbnail":false,"medium":false,"medium_large":false,"large":false,"1536x1536":false,"2048x2048":false,"trp-custom-language-flag":false},"uagb_author_info":{"display_name":"anaskroos1@gmail.com","author_link":"https:\/\/iptvsmarter-pro.com\/pt\/author\/anaskroos1gmail-com\/"},"uagb_comment_info":0,"uagb_excerpt":"\ud83c\udf81 D\u00e9couvrez IPTV Smarters Pro avec notre Essai Gratuit ! Testez toutes les fonctionnalit\u00e9s premium sans aucun engagement. Profitez d\u2019un acc\u00e8s gratuit de 24 heures pour d\u00e9couvrir l\u2019univers IPTV Smarters Pro et comprendre pourquoi des milliers d\u2019utilisateurs dans le monde nous font confiance. \ud83c\udf1f Ce que vous obtenez avec votre essai gratuit \u2705 Acc\u00e8s complet&hellip;","_links":{"self":[{"href":"https:\/\/iptvsmarter-pro.com\/pt\/wp-json\/wp\/v2\/pages\/2940","targetHints":{"allow":["GET"]}}],"collection":[{"href":"https:\/\/iptvsmarter-pro.com\/pt\/wp-json\/wp\/v2\/pages"}],"about":[{"href":"https:\/\/iptvsmarter-pro.com\/pt\/wp-json\/wp\/v2\/types\/page"}],"author":[{"embeddable":true,"href":"https:\/\/iptvsmarter-pro.com\/pt\/wp-json\/wp\/v2\/users\/1"}],"replies":[{"embeddable":true,"href":"https:\/\/iptvsmarter-pro.com\/pt\/wp-json\/wp\/v2\/comments?post=2940"}],"version-history":[{"count":3,"href":"https:\/\/iptvsmarter-pro.com\/pt\/wp-json\/wp\/v2\/pages\/2940\/revisions"}],"predecessor-version":[{"id":3055,"href":"https:\/\/iptvsmarter-pro.com\/pt\/wp-json\/wp\/v2\/pages\/2940\/revisions\/3055"}],"wp:attachment":[{"href":"https:\/\/iptvsmarter-pro.com\/pt\/wp-json\/wp\/v2\/media?parent=2940"}],"curies":[{"name":"wp","href":"https:\/\/api.w.org\/{rel}","templated":true}]}}